{"id":8,"date":"2017-03-02T02:20:10","date_gmt":"2017-03-02T01:20:10","guid":{"rendered":"http:\/\/shop.stenisdata.se\/wp\/?post_type=product&#038;p=8"},"modified":"2017-10-24T13:30:55","modified_gmt":"2017-10-24T12:30:55","slug":"euro-50te-mini-inklusive-cleancash-och-sd-kort","status":"publish","type":"product","link":"https:\/\/shop.stenisdata.se\/wp\/butik\/kassaregister\/kassa\/euro-50te-mini-inklusive-cleancash-och-sd-kort\/","title":{"rendered":"Euro-50TE Mini, inklusive CleanCash och SD-kort"},"content":{"rendered":"<div id=\"prodboxcontshow\">\n<p><small><span class=\"site\">Med Euro-50TE Mini har Elcom tagit fram en unik design som \u00e4r ut\u00f6ver det vanliga. Den \u00e4r \u00e4nnu mindre \u00e4n Euro-500TE Handy och maskinen erbjuder kvittoutskrift med termoteknik n\u00e4stan i prestandaparitet med Euro-2100TE, m\u00f6jlighet f\u00f6r inkoppling av extern streckkodsl\u00e4sare samt ut\u00f6kat externt tangentbord, avancerade programmeringsm\u00f6jligheter via medf\u00f6ljande programvara (kr\u00e4ver kabel som k\u00f6ps separat)<\/span><\/small><\/p>\n<p>Euro-50TE levereras i detta paket inklusive kontrollenhet CleanCash vilket ger ett cerifierat och komplett godk\u00e4nt kassaregister.<\/p>\n<\/div>\n<div id=\"prodboxcontshow\"><small><span class=\"sitesmall\"> Levereras med tv\u00e5 \u00e5rs fabriksgaranti.<br \/>\n<\/span><\/small><\/div>\n<div id=\"prodboxcontshow\"><small><span class=\"site\">Euro-50TE Mini levereras utan kassal\u00e5da och \u00e4r t\u00e4nkt att anv\u00e4ndas p\u00e5 begr\u00e4nsade ytor d\u00e4r man kanske har v\u00e4xelkassan i en v\u00e4ska p\u00e5 magen. Givetvis inkluderas anslutningskabel f\u00f6r CleanCash\u00ae och alla menyer och funktioner \u00e4r p\u00e5 svenska. Vi har \u00e4ven s\u00e4kerst\u00e4llt full funktionalitet mot CleanCash\u00ae samt \u00f6vriga krav enligt nya kassalagen.<\/span><\/small><\/div>\n","protected":false},"excerpt":{"rendered":"<p>Med Euro-50TE Mini har Elcom tagit fram en unik design som \u00e4r ut\u00f6ver det vanliga. Den \u00e4r \u00e4nnu mindre \u00e4n Euro-500TE Handy och maskinen erbjuder kvittoutskrift med termoteknik n\u00e4stan i prestandaparitet med Euro-2100TE, m\u00f6jlighet f\u00f6r inkoppling av extern streckkodsl\u00e4sare samt ut\u00f6kat externt tangentbord, avancerade programmeringsm\u00f6jligheter via medf\u00f6ljande programvara (kr\u00e4ver kabel som k\u00f6ps separat) Euro-50TE levereras [&hellip;]<\/p>\n","protected":false},"featured_media":9,"comment_status":"open","ping_status":"closed","template":"","meta":[],"_links":{"self":[{"href":"https:\/\/shop.stenisdata.se\/wp\/wp-json\/wp\/v2\/product\/8"}],"collection":[{"href":"https:\/\/shop.stenisdata.se\/wp\/wp-json\/wp\/v2\/product"}],"about":[{"href":"https:\/\/shop.stenisdata.se\/wp\/wp-json\/wp\/v2\/types\/product"}],"replies":[{"embeddable":true,"href":"https:\/\/shop.stenisdata.se\/wp\/wp-json\/wp\/v2\/comments?post=8"}],"wp:featuredmedia":[{"embeddable":true,"href":"https:\/\/shop.stenisdata.se\/wp\/wp-json\/wp\/v2\/media\/9"}],"wp:attachment":[{"href":"https:\/\/shop.stenisdata.se\/wp\/wp-json\/wp\/v2\/media?parent=8"}],"curies":[{"name":"wp","href":"https:\/\/api.w.org\/{rel}","templated":true}]}}