{"id":77,"date":"2017-03-02T16:05:15","date_gmt":"2017-03-02T15:05:15","guid":{"rendered":"https:\/\/shop.stenisdata.se\/wp\/?post_type=product&#038;p=77"},"modified":"2017-10-24T13:36:17","modified_gmt":"2017-10-24T12:36:17","slug":"euro-200te-inklusive-kassalada-och-cleancash","status":"publish","type":"product","link":"https:\/\/shop.stenisdata.se\/wp\/butik\/kassaregister\/kassa\/euro-200te-inklusive-kassalada-och-cleancash\/","title":{"rendered":"Euro-200TE, inklusive kassal\u00e5da, CleanCash och Jodo"},"content":{"rendered":"<p>Komplett inklusive kontrollenhet. Paket baserat p\u00e5 prestanda, funktionalitet och inte minst pris.<\/p>\n<p>Traditionell i sin design och med de grundfunktioner som r\u00e4cker f\u00f6r de flesta sm\u00e5 verksamheter. Kvittoskrivare med temorteknik samt m\u00f6jlighet att ansluta extern streckkodsl\u00e4sare samt ut\u00f6kat externt tangentbord. Den kan konfigureras via medf\u00f6ljande programvara (kr\u00e4ver kabel som k\u00f6ps separat)<\/p>\n<p>Euro-200TE levereras komplett med en kassal\u00e5da, CleanCash\u00ae, samt anslutningskabel f\u00f6r CleanCash\u00ae. Levereras med tv\u00e5 \u00e5rs fabriksgaranti. Alla menyer, funktioner och knappar \u00e4r p\u00e5 svenska och vi har \u00e4ven s\u00e4kerst\u00e4llt full funktionalitet mot CleanCash\u00ae samt \u00f6vriga krav enligt nya kassalagen. Maskinens kunddisplay kan h\u00f6jas och vridas enligt \u00f6nskem\u00e5l.<\/p>\n<p>Tillsammans med kontrollenhet CleanCash blir detta ett certifierat kassaregister.<br \/>\nLevereras med JoDO &#8211; journalminne<\/p>\n","protected":false},"excerpt":{"rendered":"<p>Komplett inklusive kontrollenhet. Paket baserat p\u00e5 prestanda, funktionalitet och inte minst pris. Traditionell i sin design och med de grundfunktioner som r\u00e4cker f\u00f6r de flesta sm\u00e5 verksamheter. Kvittoskrivare med temorteknik samt m\u00f6jlighet att ansluta extern streckkodsl\u00e4sare samt ut\u00f6kat externt tangentbord. Den kan konfigureras via medf\u00f6ljande programvara (kr\u00e4ver kabel som k\u00f6ps separat) Euro-200TE levereras komplett med [&hellip;]<\/p>\n","protected":false},"featured_media":78,"comment_status":"open","ping_status":"closed","template":"","meta":[],"_links":{"self":[{"href":"https:\/\/shop.stenisdata.se\/wp\/wp-json\/wp\/v2\/product\/77"}],"collection":[{"href":"https:\/\/shop.stenisdata.se\/wp\/wp-json\/wp\/v2\/product"}],"about":[{"href":"https:\/\/shop.stenisdata.se\/wp\/wp-json\/wp\/v2\/types\/product"}],"replies":[{"embeddable":true,"href":"https:\/\/shop.stenisdata.se\/wp\/wp-json\/wp\/v2\/comments?post=77"}],"wp:featuredmedia":[{"embeddable":true,"href":"https:\/\/shop.stenisdata.se\/wp\/wp-json\/wp\/v2\/media\/78"}],"wp:attachment":[{"href":"https:\/\/shop.stenisdata.se\/wp\/wp-json\/wp\/v2\/media?parent=77"}],"curies":[{"name":"wp","href":"https:\/\/api.w.org\/{rel}","templated":true}]}}