{"id":76,"date":"2017-03-02T16:01:51","date_gmt":"2017-03-02T15:01:51","guid":{"rendered":"https:\/\/shop.stenisdata.se\/wp\/?post_type=product&#038;p=76"},"modified":"2017-10-24T13:34:39","modified_gmt":"2017-10-24T12:34:39","slug":"euro-2100te-inklusive-kassalada-och-cleancash","status":"publish","type":"product","link":"https:\/\/shop.stenisdata.se\/wp\/butik\/kassaregister\/kassa\/euro-2100te-inklusive-kassalada-och-cleancash\/","title":{"rendered":"Euro-2100TE, inklusive kassal\u00e5da, CleanCash och Jodo"},"content":{"rendered":"<p>Mycket kraftfull och kompetent produkt. En sp\u00e4nnande och unik design kopplas till h\u00f6g funktionalitet och anv\u00e4ndarergonomi. Euro-2100TE erbjuder bland annat snabb kvittoutskrift med termoteknik, extra anpassningsbara funktionstangenter med touchteknik, m\u00f6jlighet f\u00f6r inkoppling av extern streckkodsl\u00e4sare samt ut\u00f6kat externt tangentbord. Vidare erbjuds avancerade programmeringsm\u00f6jligheter via medf\u00f6ljande programvara (kr\u00e4ver kabel som k\u00f6ps separat)<\/p>\n<p>Euro-2100TE levereras komplett med en kassal\u00e5da, CleanCash\u00ae, samt anslutningskabel f\u00f6r CleanCash\u00ae. Levereras med tv\u00e5 \u00e5rs fabriksgaranti. Alla menyer, funktioner och knappar \u00e4r p\u00e5 svenska och vi har \u00e4ven s\u00e4kerst\u00e4llt full funktionalitet mot CleanCash\u00ae samt \u00f6vriga krav enligt nya kassalagen. B\u00e5de de vanliga knapparna samt touch-delen kan anpassas helt efter kundens \u00f6nskem\u00e5l. Euro-2100TE kan h\u00f6jas och s\u00e4nkas f\u00f6r optimal ergonomi samtidigt som displayerna kan h\u00f6jas och vridas enligt \u00f6nskem\u00e5l.<\/p>\n<p>Tillsammans med kontrollenhet CleanCash blir detta ett certifierat kassaregister.<br \/>\nLevereras med JoDO &#8211; journalminne<\/p>\n","protected":false},"excerpt":{"rendered":"<p>Mycket kraftfull och kompetent produkt. En sp\u00e4nnande och unik design kopplas till h\u00f6g funktionalitet och anv\u00e4ndarergonomi. Euro-2100TE erbjuder bland annat snabb kvittoutskrift med termoteknik, extra anpassningsbara funktionstangenter med touchteknik, m\u00f6jlighet f\u00f6r inkoppling av extern streckkodsl\u00e4sare samt ut\u00f6kat externt tangentbord. Vidare erbjuds avancerade programmeringsm\u00f6jligheter via medf\u00f6ljande programvara (kr\u00e4ver kabel som k\u00f6ps separat) Euro-2100TE levereras komplett med [&hellip;]<\/p>\n","protected":false},"featured_media":42,"comment_status":"open","ping_status":"closed","template":"","meta":[],"_links":{"self":[{"href":"https:\/\/shop.stenisdata.se\/wp\/wp-json\/wp\/v2\/product\/76"}],"collection":[{"href":"https:\/\/shop.stenisdata.se\/wp\/wp-json\/wp\/v2\/product"}],"about":[{"href":"https:\/\/shop.stenisdata.se\/wp\/wp-json\/wp\/v2\/types\/product"}],"replies":[{"embeddable":true,"href":"https:\/\/shop.stenisdata.se\/wp\/wp-json\/wp\/v2\/comments?post=76"}],"wp:featuredmedia":[{"embeddable":true,"href":"https:\/\/shop.stenisdata.se\/wp\/wp-json\/wp\/v2\/media\/42"}],"wp:attachment":[{"href":"https:\/\/shop.stenisdata.se\/wp\/wp-json\/wp\/v2\/media?parent=76"}],"curies":[{"name":"wp","href":"https:\/\/api.w.org\/{rel}","templated":true}]}}